{"id":611,"date":"2019-06-29T21:33:21","date_gmt":"2019-06-29T21:33:21","guid":{"rendered":"http:\/\/nasdahab.com\/?page_id=611"},"modified":"2019-07-24T21:56:38","modified_gmt":"2019-07-24T21:56:38","slug":"italiano","status":"publish","type":"page","link":"https:\/\/nasdahab.com\/index.php\/italiano\/","title":{"rendered":"Italiano"},"content":{"rendered":"<p>[vc_row full_width=&#8221;stretch_row&#8221; parallax=&#8221;content-moving&#8221; parallax_image=&#8221;670&#8243; css=&#8221;.vc_custom_1562002430532{background-color: #1f2124 !important;}&#8221;][vc_column][vc_column_text el_class=&#8221;div-css&#8221;]<\/p>\n<h2><strong>SU AMR<\/strong><\/h2>\n<p><strong><img loading=\"lazy\" decoding=\"async\" class=\"alignnone size-medium wp-image-564\" src=\"http:\/\/nasdahab.com\/wp-content\/uploads\/2019\/06\/au-home-199x300-199x300.jpg\" alt=\"\" width=\"199\" height=\"300\" srcset=\"https:\/\/nasdahab.com\/wp-content\/uploads\/2019\/06\/au-home-199x300.jpg 199w, https:\/\/nasdahab.com\/wp-content\/uploads\/2019\/06\/au-home-199x300-97x146.jpg 97w, https:\/\/nasdahab.com\/wp-content\/uploads\/2019\/06\/au-home-199x300-33x50.jpg 33w, https:\/\/nasdahab.com\/wp-content\/uploads\/2019\/06\/au-home-199x300-50x75.jpg 50w\" sizes=\"(max-width: 199px) 100vw, 199px\" \/><\/strong><\/p>\n<p><strong>Amr Muneer Dahab\u00a0<\/strong>\u00e8 un saggista e poeta sudanese, noto soprattutto per i suoi saggi critici che affrontano controversie questioni culturali, letterarie, intellettuali e politiche nel mondo arabo e in tutto il mondo. La sua esperienza ventennale come editorialista nel giornalismo d\u2019opinione, oltre alla laurea in ingegneria e alla sua importante carriera pratica, ha fatto s\u00ec che le sue parole fossero costruite in una realt\u00e0 sapientemente rappresentata con onest\u00e0, oggettivit\u00e0 e creativit\u00e0.<\/p>\n<p>&nbsp;<\/p>\n<p><strong><em><u>Biografia<\/u><\/em><\/strong><\/p>\n<ul>\n<li>Nato a\u00a0<em>Khartoum, Sudan<\/em><\/li>\n<li>Ha ricevuto l\u2019istruzione primaria e secondaria in Sudan<\/li>\n<li>Si \u00e8 trasferito con la sua famiglia in\u00a0<em>Kuwait<\/em>dove ha portato a termine gli studi superiori<\/li>\n<li>Entrato nella\u00a0<em>Facolt\u00e0 di Ingegneria\/Dipartimento di Ingegneria Elettrica presso la Mansoura University in Egitto<\/em><\/li>\n<li>Ha visitato molti paesi e si \u00e8 stabilito negli\u00a0<em>Emirati Arabi Uniti<\/em>\u00a0per lavorare nel settore dell\u2019ingegneria elettrica, scrivendo sui giornali\u00a0<em>Sudanesi<\/em><\/li>\n<\/ul>\n<p>&nbsp;<\/p>\n<p><strong><em><u>Esperienze con la scrittura<\/u><\/em><\/strong><\/p>\n<ul>\n<li>Ha iniziato a scrivere poesie al liceo<\/li>\n<li>Ha mantenuto e sviluppato la sua esperienza poetica durante gli anni di studio all\u2019universit\u00e0.<\/li>\n<li>Ha ricevuto premi per le sue poesie durante gli anni del college, incluso il First Level Prize of Poetry presso il\u00a014<sup>th<\/sup>\u00a0Youth Cultural and Artistic Meeting of Egyptian Universities\u00a0nel 1989<\/li>\n<li>Dopo la laurea, ha scelto il saggio come forma di scrittura con tutte le sue dimensioni letterarie e giornalistiche<\/li>\n<li>Ha lavorato per molti giornali sudanesi dalla met\u00e0 degli anni \u201990<\/li>\n<li>Il suo primo libro, sulla critica teatrale, intitolato\u00a0\u201cBetween the\u00a0Average\u00a0Writer and Osama Anwar\u00a0Okasha\u201d\u00a0\u00e8 stato pubblicato nel 2006<\/li>\n<li>Ha pubblicato diciassette libri con alcune case editrici arabe<\/li>\n<li>\u201cDamn the Novel\u201d \u00e8 stato il suo primo libro tradotto in inglese e pubblicato negli Stati Uniti nel 2018<\/li>\n<li>Molti giornali arabi si sono occupati dei suoi lavori e seminari<\/li>\n<li>Le sue conferenze hanno ricevuto molta attenzione e copertura da parte dei media<\/li>\n<li>\u00c8 stato ospite di molti canali radiofonici e televisivi per parlare del suo lavoro e della sua esperienza di saggista e scrittore<\/li>\n<\/ul>\n<p>&nbsp;<\/p>\n<p><strong><em><u>Bibliografia\u00a0<\/u><\/em><\/strong><strong><em>\u00a0<\/em><\/strong><\/p>\n<p><strong><em><u>Libri in inglese<\/u><\/em><\/strong><\/p>\n<ul>\n<li><a href=\"https:\/\/www.authorhouse.com\/Bookstore\/BookDetail.aspx?BookId=SKU-001204185\"><em>Maledire il romanzo: quando un genere privilegiato prevale su tutte le forme di scrittura creativa<\/em><\/a>,\u00a0<em>Authorhouse,\u00a0<\/em><a href=\"https:\/\/en.wikipedia.org\/wiki\/Bloomington,_Indiana\">Bloomington, Indiana<\/a><em>\u00a0(2018)<\/em><\/li>\n<\/ul>\n<p><em>\u00a0<\/em><\/p>\n<p><strong><em><u>Libri in arabo<\/u><\/em><\/strong><\/p>\n<ul>\n<li><a href=\"http:\/\/www.neelwafurat.com\/itempage.aspx?id=lbb309654-299255&amp;search=books\"><em>Sentimenti e idee che non possiedo<\/em><\/a><em>\u00a0Edizioni Difaf, Beirut \u2013 Edizioni El Ikhtilef, Algeria \u2013\u00a0 Dar Al- Aman, Rabat, Everything Library \u2013 Haifa, Palestina (2018)<\/em><\/li>\n<li><a href=\"https:\/\/www.authorhouse.com\/Bookstore\/BookDetail.aspx?BookId=SKU-001204185\"><em>Maledire il romanzo: quando un genere privilegiato prevale su tutte le forme di scrittura creativa<\/em><\/a>,\u00a0<em>Arab Scientific Publishers, Beirut (2017)<\/em><\/li>\n<li><a href=\"http:\/\/www.neelwafurat.com\/itempage.aspx?id=lbb261251-244507&amp;search=books\"><em>O vecchio: sull\u2019invecchiamento<\/em><\/a><em>, Edizioni Difaf, Beirut \u2013 Edizioni El Ikhtilef, Algeria \u2013 Dar Oma, Baghdad (2016)<\/em><\/li>\n<li><a href=\"https:\/\/lhhal.gbv.de\/DB=1\/SET=2\/TTL=1\/MAT=\/NOMAT=T\/CLK?IKT=1016&amp;TRM=darasu%CC%84\"><em>Memorie di studenti accomodanti<\/em><\/a><em>, Dar Al Mosawarat, Khartoum (2016)<\/em><\/li>\n<li><a href=\"https:\/\/searchworks.stanford.edu\/view\/12195270\"><em>Il personaggio sudanese tra Tayeb Salih e Hassan\u00a0 Al -Turabi<\/em><\/a><em>, Dar Al Mosawarat, Khartoum (2016)<\/em><\/li>\n<li><a href=\"http:\/\/web.archive.org\/web\/20161221234133\/https:\/pulsearch.princeton.edu\/catalog\/9930498\"><em>I geni arabi: le fasi inedite del carattere arabo<\/em><\/a><em>, Edizioni Difaf, Beirut \u2013 Edizioni El Ikhtilef, Algeria (2015)<\/em><\/li>\n<li><a href=\"http:\/\/catalog.lib.utexas.edu\/record=b9110222\"><em>Ai margini del carattere sudanese<\/em><\/a><em>, Dar Al Mahrousa, Cairo (2015)<\/em><\/li>\n<li><a href=\"https:\/\/www.arabicbookshop.net\/main\/details.asp?id=248-61\"><em>Alcune mie scorrettezze<\/em><\/a><em>, Dar Al-Yasmeen, Sharjah (2015)<\/em><\/li>\n<li><a href=\"https:\/\/www.amazon.in\/%E2%80%AB%D8%BA%D8%B1%D9%81%D8%A9-%D9%86%D9%88%D9%85%D9%83-%D9%81%D9%8A-%D8%A7%D9%84%D8%B9%D9%88%D9%84%D9%85%D8%A9-Arabic-ebook\/dp\/B076FBLBVP\"><em>La vostra camera da letto al tempo della globalizzazione<\/em><\/a><em>, Edizioni Difaf, Beirut \u2013 Dar Al- Aman, Rabat (2014)<\/em><\/li>\n<li><a href=\"https:\/\/www.amazon.com\/%E2%80%AB%D8%AD%D9%83%D8%A7%D9%8A%D8%A7%D8%AA-%D8%A7%D9%84%D9%88%D8%B3%D8%A7%D8%B7%D8%A9-%D8%A7%D9%84%D8%AE%D9%84%D9%8A%D8%AC-%D9%88%D8%AE%D8%B5%D9%88%D9%85%D9%87-Arabic-ebook\/dp\/B076FBJFQH\/ref=sr_1_1?s=digital-text&amp;ie=UTF8&amp;qid=1546232729&amp;sr=1-1\"><em>Racconti di un povero espatriato<\/em><\/a>,<em>\u00a0Edizioni Difaf, Beirut \u2013 Dar Al- Aman, Rabat (2014)<\/em><\/li>\n<li><a href=\"https:\/\/jarirreader.com\/book\/2915\/%D9%84%D8%A7%D8%A5%D9%83%D8%B1%D8%A7%D9%87-%D9%81%D9%8A-%D8%A7%D9%84%D8%AB%D9%88%D8%B1%D8%A9-\"><em>Nessuno impulso nella Rivoluzione<\/em><\/a><em>, Edizioni Difaf, Beirut \u2013 Dar Al- Aman, Rabat \u2013 Edizioni El Ikhtilef, Algeria (2013)<\/em><\/li>\n<li><a href=\"https:\/\/www.amazon.com\/%E2%80%AB%D8%AA%D9%88%D8%A7%D8%B6%D8%B9%D9%88%D8%A7-%D9%85%D8%B9%D8%B4%D8%B1-%D8%A7%D9%84%D9%83%D8%AA%D8%A7%D8%A8%E2%80%AC-Arabic-%D8%B9%D9%85%D8%B1%D9%88-ebook\/dp\/B076F9N3TT\"><em>O scrittori siate umili<\/em><\/a><em>, Edizioni Difaf, Beirut (2013)<\/em><\/li>\n<li><a href=\"http:\/\/www.neelwafurat.com\/itempage.aspx?id=egb180518-5193228&amp;search=books\"><em>L\u2019autostrada della saggezza<\/em><\/a><em>, Dar Al Mahrousa, Cairo (2011)<\/em><\/li>\n<li><a href=\"http:\/\/www.neelwafurat.com\/itempage.aspx?id=egb180519-5193229&amp;search=books\"><em>Da un ascoltatore non professionista a Mohamed Wardi<\/em><\/a><em>, Dar Al Mahrousa, Cairo (2011)<\/em><\/li>\n<li><a href=\"https:\/\/books.google.ae\/books\/about\/%D8%A7%D9%84%D8%B4%D8%AE%D8%B5%D9%8A%D8%A9_%D8%A7%D9%84%D8%B3%D9%88%D8%AF%D8%A7%D9%86%D9%8A%D8%A9_%D9%81%D9%8A.html?id=u4V5nQAACAAJ&amp;redir_esc=y\"><em>Il carattere sudanese negli occhi dell\u2019\u00e9lite sudanese<\/em><\/a><em>, Dar Azza, Khartoum (2010)<\/em><\/li>\n<li><a href=\"https:\/\/ar-ar.facebook.com\/pages\/%D8%AC%D9%8A%D9%86%D8%A7%D8%AA-%D8%B3%D9%88%D8%AF%D8%A7%D9%86%D9%8A%D9%87%D8%B9%D9%85%D8%B1%D9%88-%D9%85%D9%86%D9%8A%D8%B1-%D8%AF%D9%87%D8%A8\/361897327172185\"><em>Geni sudanesi<\/em><\/a><em>, Dar Azza, Khartoum (2010)<\/em><\/li>\n<li><a href=\"https:\/\/trove.nla.gov.au\/work\/35149004?q&amp;versionId=43653753\"><em>Tra lo scrittore medio e Osama Anwar Okasha<\/em><\/a><em>, Khartoum, capitale araba della cultura (2006)<\/em><\/li>\n<\/ul>\n<p>[\/vc_column_text][\/vc_column][\/vc_row][vc_row full_width=&#8221;stretch_row&#8221; parallax=&#8221;content-moving&#8221; parallax_image=&#8221;492&#8243;][vc_column][vc_row_inner][vc_column_inner][vc_column_text]<\/p>\n<h3 style=\"text-align: center;\"><span style=\"color: #ffffff;\">\u0627\u0644\u0639\u0631\u0628\u064a\u0629<br \/>\n<\/span><\/h3>\n<h2 style=\"text-align: right;\"><span style=\"color: #ffffff;\">\u0639\u0645\u0631\u0648 \u0645\u0646\u064a\u0631 \u062f\u0647\u0628<br \/>\n<\/span><\/h2>\n<h3 style=\"text-align: right;\"><span style=\"color: #ffffff;\"><strong>\u0627\u0644\u0645\u064a\u0644\u0627\u062f *<br \/>\n<\/strong><\/span><\/h3>\n<p style=\"font-size: 18px; color: white; text-align: right;\">\u0627\u0644\u062e\u0631\u0637\u0648\u0645 \u2013 \u0627\u0644\u0633\u0648\u062f\u0627\u0646 *<\/p>\n<p>[\/vc_column_text][\/vc_column_inner][\/vc_row_inner][vc_btn title=&#8221;More&#8221; style=&#8221;custom&#8221; custom_background=&#8221;#6b5540&#8243; custom_text=&#8221;#ffffff&#8221; size=&#8221;sm&#8221; align=&#8221;right&#8221; link=&#8221;url:http%3A%2F%2Fnasdahab.com%2Findex.php%2Farabic%2F|title:Books||&#8221;][vc_separator][vc_column_text]<\/p>\n<h3 style=\"text-align: center;\"><span style=\"color: #ffffff;\">Francais<br \/>\n<\/span><\/h3>\n<h2 style=\"text-align: left;\"><span style=\"color: #ffffff;\">\u00c0 PROPOS D\u2019AMR<br \/>\n<\/span><\/h2>\n<p style=\"text-align: left; color: #ffffff;\">Amr Muneer Dahab est un ecrivain et po\u00e8te soudanais, principalement connu pour ses essais critiques sur des questions culturelles, litt\u00e9raires, intellectuelles et politiques controvers\u00e9es dans le monde arabe et dans le monde.<\/p>\n<p>[\/vc_column_text][vc_btn title=&#8221;More&#8221; style=&#8221;custom&#8221; custom_background=&#8221;#6b5540&#8243; custom_text=&#8221;#ffffff&#8221; size=&#8221;sm&#8221; align=&#8221;right&#8221; link=&#8221;url:http%3A%2F%2Fnasdahab.com%2Findex.php%2Ffrancais%2F|title:Books||&#8221;][vc_separator][vc_column_text]<\/p>\n<h3 style=\"text-align: center;\"><span style=\"color: #ffffff;\">Espa\u00f1ol<br \/>\n<\/span><\/h3>\n<h2 style=\"text-align: left;\"><span style=\"color: #ffffff;\">SOBRE AMR<br \/>\n<\/span><\/h2>\n<p style=\"text-align: left; color: #ffffff;\">Amr Muneer Dahab es un ensayista y poeta sudan\u00e9s, ampliamente conocido por sus ensayos cr\u00edticos, en los que trata temas controvertidos de car\u00e1cter cultural, literario, intelectual y pol\u00edtico, relacionados tanto con el mundo \u00e1rabe, como internacional<\/p>\n<p>[\/vc_column_text][vc_btn title=&#8221;More&#8221; style=&#8221;custom&#8221; custom_background=&#8221;#6b5540&#8243; custom_text=&#8221;#ffffff&#8221; size=&#8221;sm&#8221; align=&#8221;right&#8221; link=&#8221;url:http%3A%2F%2Fnasdahab.com%2Findex.php%2Fespanol%2F|title:Books||&#8221;][vc_separator][vc_column_text]<\/p>\n<h3 style=\"text-align: center;\"><span style=\"color: #ffffff;\">Deutsch<br \/>\n<\/span><\/h3>\n<h2 style=\"text-align: left;\"><span style=\"color: #ffffff;\">\u00dcBER AMR<br \/>\n<\/span><\/h2>\n<p style=\"text-align: left; color: #ffffff;\">Amr Muneer Dahab ist ein sudanesischer Essayist und Dichter, bekannt f\u00fcr seine kritischen Essays \u00fcber kontroverse kulturelle, literarische, intellektuelle und politische Themen in der arabischen Welt und weltweit.<\/p>\n<p>[\/vc_column_text][vc_btn title=&#8221;More&#8221; style=&#8221;custom&#8221; custom_background=&#8221;#6b5540&#8243; custom_text=&#8221;#ffffff&#8221; size=&#8221;sm&#8221; align=&#8221;right&#8221; link=&#8221;url:http%3A%2F%2Fnasdahab.com%2Findex.php%2Fdeutsch%2F|title:Books||&#8221;][vc_separator][vc_column_text]<\/p>\n<h3 style=\"text-align: center;\"><span style=\"color: #ffffff;\">\u6c49\u8bed<br \/>\n<\/span><\/h3>\n<h2 style=\"text-align: left;\"><span style=\"color: #ffffff;\">AMR \u7b80\u4ecb<br \/>\n<\/span><\/h2>\n<p style=\"text-align: left; color: #ffffff;\">\u82cf\u4e39\u6563\u6587\u5bb6\u548c\u8bd7\u4eba\uff0c \u4ee5\u5176\u8bc4\u8bba\u6587\u7ae0\u800c\u8457\u79f0\uff0c\u6587\u7ae0\u5185\u5bb9\u6d89\u53ca\u963f\u62c9\u4f2f\u4e16\u754c\u548c\u5168\u4e16\u754c\u6709\u4e89\u8bae\u7684\u6587\u5316\u3001\u6587\u5b66\u3001\u77e5\u8bc6\u548c\u653f\u6cbb\u7b49\u95ee\u9898\u3002\u4ed6\u5728\u65b0\u95fb\u8bc4\u8bba\u9886\u57df\u62e5\u670920\u591a\u5e74\u7684\u4e13\u680f\u4f5c\u5bb6\u7ecf\u9a8c<\/p>\n<p>[\/vc_column_text][vc_btn title=&#8221;More&#8221; style=&#8221;custom&#8221; custom_background=&#8221;#6b5540&#8243; custom_text=&#8221;#ffffff&#8221; size=&#8221;sm&#8221; align=&#8221;right&#8221; link=&#8221;url:http%3A%2F%2Fnasdahab.com%2Findex.php%2Fchinese%2F|title:Books||&#8221;][\/vc_column][\/vc_row]<\/p>\n","protected":false},"excerpt":{"rendered":"<p>[vc_row full_width=&#8221;stretch_row&#8221; parallax=&#8221;content-moving&#8221; parallax_image=&#8221;670&#8243; css=&#8221;.vc_custom_1562002430532{background-color: #1f2124 !important;}&#8221;][vc_column][vc_column_text el_class=&#8221;div-css&#8221;] SU AMR Amr Muneer Dahab\u00a0\u00e8 un saggista e poeta sudanese, noto soprattutto per i suoi saggi critici che<span class=\"excerpt-hellip\"> [\u2026]<\/span><\/p>\n","protected":false},"author":2,"featured_media":0,"parent":0,"menu_order":0,"comment_status":"closed","ping_status":"closed","template":"","meta":{"footnotes":""},"_links":{"self":[{"href":"https:\/\/nasdahab.com\/index.php\/wp-json\/wp\/v2\/pages\/611"}],"collection":[{"href":"https:\/\/nasdahab.com\/index.php\/wp-json\/wp\/v2\/pages"}],"about":[{"href":"https:\/\/nasdahab.com\/index.php\/wp-json\/wp\/v2\/types\/page"}],"author":[{"embeddable":true,"href":"https:\/\/nasdahab.com\/index.php\/wp-json\/wp\/v2\/users\/2"}],"replies":[{"embeddable":true,"href":"https:\/\/nasdahab.com\/index.php\/wp-json\/wp\/v2\/comments?post=611"}],"version-history":[{"count":1,"href":"https:\/\/nasdahab.com\/index.php\/wp-json\/wp\/v2\/pages\/611\/revisions"}],"predecessor-version":[{"id":1022,"href":"https:\/\/nasdahab.com\/index.php\/wp-json\/wp\/v2\/pages\/611\/revisions\/1022"}],"wp:attachment":[{"href":"https:\/\/nasdahab.com\/index.php\/wp-json\/wp\/v2\/media?parent=611"}],"curies":[{"name":"wp","href":"https:\/\/api.w.org\/{rel}","templated":true}]}}