{"id":615,"date":"2019-06-29T21:36:19","date_gmt":"2019-06-29T21:36:19","guid":{"rendered":"http:\/\/nasdahab.com\/?page_id=615"},"modified":"2019-07-01T17:22:11","modified_gmt":"2019-07-01T17:22:11","slug":"chinese","status":"publish","type":"page","link":"https:\/\/nasdahab.com\/index.php\/chinese\/","title":{"rendered":"\u6c49\u8bed"},"content":{"rendered":"<p>[vc_row full_width=&#8221;stretch_row&#8221; parallax=&#8221;content-moving&#8221; parallax_image=&#8221;668&#8243;][vc_column][vc_column_text el_class=&#8221;div-css&#8221;]<\/p>\n<h2><strong>AMR \u7b80\u4ecb<\/strong><\/h2>\n<p><img loading=\"lazy\" decoding=\"async\" class=\"alignnone size-medium wp-image-564\" src=\"http:\/\/nasdahab.com\/wp-content\/uploads\/2019\/06\/au-home-199x300-199x300.jpg\" alt=\"\" width=\"199\" height=\"300\" srcset=\"https:\/\/nasdahab.com\/wp-content\/uploads\/2019\/06\/au-home-199x300.jpg 199w, https:\/\/nasdahab.com\/wp-content\/uploads\/2019\/06\/au-home-199x300-97x146.jpg 97w, https:\/\/nasdahab.com\/wp-content\/uploads\/2019\/06\/au-home-199x300-33x50.jpg 33w, https:\/\/nasdahab.com\/wp-content\/uploads\/2019\/06\/au-home-199x300-50x75.jpg 50w\" sizes=\"(max-width: 199px) 100vw, 199px\" \/><\/p>\n<p><strong>Amr Muneer Dahab\u00a0<\/strong>\uff0c\u82cf\u4e39\u6563\u6587\u5bb6\u548c\u8bd7\u4eba\uff0c \u4ee5\u5176\u8bc4\u8bba\u6587\u7ae0\u800c\u8457\u79f0\uff0c\u6587\u7ae0\u5185\u5bb9\u6d89\u53ca\u963f\u62c9\u4f2f\u4e16\u754c\u548c\u5168\u4e16\u754c\u6709\u4e89\u8bae\u7684\u6587\u5316\u3001\u6587\u5b66\u3001\u77e5\u8bc6\u548c\u653f\u6cbb\u7b49\u95ee\u9898\u3002\u4ed6\u5728\u65b0\u95fb\u8bc4\u8bba\u9886\u57df\u62e5\u670920\u591a\u5e74\u7684\u4e13\u680f\u4f5c\u5bb6\u7ecf\u9a8c\uff0c\u52a0\u4e0a\u5176\u5de5\u7a0b\u5b66\u5b66\u4f4d\u548c\u76f8\u5173\u7684\u5b9e\u9645\u5de5\u4f5c\u7ecf\u5386\uff0c \u4f7f\u5176\u6587\u5b57\u80fd\u591f\u4ee5\u8bda\u5b9e\u3001\u5ba2\u89c2\u548c\u521b\u9020\u6027\u7684\u65b9\u5f0f\u5de7\u5999\u5730\u63cf\u7ed8\u73b0\u5b9e\u60c5\u51b5\u3002<\/p>\n<p>&nbsp;<\/p>\n<p><strong><em><u>\u4e2a\u4eba\u4fe1\u606f<\/u><\/em><\/strong><\/p>\n<ul>\n<li>\u751f\u4e8e<em>\u82cf\u4e39\u5580\u571f\u7a46<\/em><\/li>\n<li>\u5c0f\u5b66\u548c\u4e2d\u5b66\u5728\u82cf\u4e39\u63a5\u53d7\u6559\u80b2<\/li>\n<li>\u968f\u5bb6\u4eba\u79fb\u5c45<em>\u79d1\u5a01\u7279<\/em>\u5e76\u5728\u5f53\u5730\u5b8c\u6210\u9ad8\u4e2d\u5b66\u4e1a<\/li>\n<li>\u5c31\u8bfb\u4e8e\u57c3\u53ca\u66fc\u82cf\u62c9\u5927\u5b66\u5de5\u7a0b\u5b66\u9662\/\u7535\u6c14\u5de5\u7a0b\u7cfb<\/li>\n<li>\u66fe\u5230\u8fc7\u8bb8\u591a\u56fd\u5bb6\uff0c\u6700\u540e\u5b9a\u5c45\u4e8e\u963f\u62c9\u4f2f\u8054\u5408\u914b\u957f\u56fd\uff0c\u4ece\u4e8b\u7535\u6c14\u5de5\u7a0b\u9886\u57df\u5de5\u4f5c\u5e76\u4e3a\u591a\u5bb6\u82cf\u4e39\u62a5\u7eb8\u8f6c\u544a<\/li>\n<\/ul>\n<p>&nbsp;<\/p>\n<p><strong><em><u>\u5199\u4f5c\u7ecf\u5386<\/u><\/em><\/strong><\/p>\n<ul>\n<li>\u9ad8\u4e2d\u9636\u6bb5\u5373\u5f00\u59cb\u5199\u8bd7<\/li>\n<li>\u5728\u6574\u4e2a\u5927\u5b66\u9636\u6bb5\u4fdd\u6301\u5e76\u53d1\u5c55\u4e86\u81ea\u5df1\u7684\u8bd7\u6b4c\u521b\u4f5c\u7ecf\u9a8c\u3002<\/li>\n<li>\u5927\u5b66\u671f\u95f4\u591a\u6b21\u83b7\u5f97\u8bd7\u6b4c\u521b\u4f5c\u5956\u52b1\uff0c\u5305\u62ec1989\u5e74\u57c3\u53ca\u5927\u5b66\u7b2c14\u5c4a\u9752\u5e74\u6587\u5316\u827a\u672f\u4f1a\u8bae\u8bd7\u6b4c\u4e00\u7b49\u5956<\/li>\n<li>\u5927\u5b66\u6bd5\u4e1a\u540e\uff0c\u9009\u62e9\u4ece\u4e8b\u6587\u5b66\u548c\u65b0\u95fb\u9886\u57df\u7684\u8bc4\u8bba\u5199\u4f5c\u5de5\u4f5c<\/li>\n<li>\u4ece20\u4e16\u7eaa90\u5e74\u4ee3\u4e2d\u671f\u5f00\u59cb\uff0c\u4e3a\u8bb8\u591a\u82cf\u4e39\u62a5\u7eb8\u64b0\u5199\u8bc4\u8bba\u6587\u7ae0<\/li>\n<li>\u4ed6\u7684\u7b2c\u4e00\u672c\u5173\u4e8e\u620f\u5267\u6279\u8bc4\u7684\u4e66\u300a\u666e\u901a\u4f5c\u5bb6\u4e0e\u5965\u8428\u9a6c\u5b89\u74e6\u5c14\u00b7\u5965\u5361\u6c99\u4e4b\u95f4\u300b\uff08Between the\u00a0Average\u00a0Writer and Osama Anwar\u00a0Okasha\uff09\u4e8e2006\u5e74\u51fa\u7248<\/li>\n<li>\u901a\u8fc7\u963f\u62c9\u4f2f\u51fa\u7248\u793e\u5df2\u51fa\u724817\u672c\u4e66<\/li>\n<li>\u300a\u8be5\u6b7b\u7684\u5c0f\u8bf4\u300b\uff08Damn the Novel\uff09\u662f\u4ed6\u7684\u7b2c\u4e00\u672c\u88ab\u7ffb\u8bd1\u6210\u82f1\u6587\u5e76\u4e8e2018\u5e74\u5728\u7f8e\u56fd\u51fa\u7248\u7684\u4e66<\/li>\n<li>\u8bb8\u591a\u963f\u62c9\u4f2f\u62a5\u7eb8\u90fd\u5bf9\u4ed6\u7684\u4f5c\u54c1\u548c\u7814\u8ba8\u4f1a\u8868\u73b0\u51fa\u6781\u5927\u7684\u5173\u6ce8<\/li>\n<li>\u90e8\u5206\u5a92\u4f53\u5bf9\u4ed6\u7684\u6f14\u8bb2\u7ed9\u4e88\u9ad8\u5ea6\u5173\u6ce8\u548c\u62a5\u9053<\/li>\n<li>\u5e94\u591a\u4e2a\u5e7f\u64ad\u7535\u89c6\u9891\u9053\u9080\u8bf7\uff0c\u8bb2\u8ff0\u5176\u4f5c\u4e3a\u6563\u6587\u5bb6\u548c\u4f5c\u5bb6\u7684\u5de5\u4f5c\u548c\u7ecf\u5386<\/li>\n<\/ul>\n<p>&nbsp;<\/p>\n<p><strong><em><u>\u4f5c\u54c1\u76ee\u5f55<\/u><\/em><\/strong><\/p>\n<p><strong><em>\u00a0<\/em><\/strong><em><u>\u82f1\u6587\u56fe\u4e66<\/u><\/em><\/p>\n<ul>\n<li><em><u>\u300a\u8be5\u6b7b\u7684\u5c0f\u8bf4<\/u><\/em><em><u>:<\/u><\/em><em><u>\u5f53\u4e00\u79cd\u7279\u6743<\/u><\/em><em><u>\u4f53\u88c1<\/u><\/em><em><u>\u6218\u80dc\u6240\u6709\u5f62\u5f0f\u7684\u521b\u9020\u6027\u5199\u4f5c\u65f6\u300b<\/u><\/em><em>(<\/em><a href=\"https:\/\/www.authorhouse.com\/Bookstore\/BookDetail.aspx?BookId=SKU-001204185\"><em>Damn the Novel: When a Privileged Genre Prevails Over All Forms of Creative Writing<\/em><\/a><em>)<\/em><em>,<\/em><em>\u4f5c\u5bb6\u4e4b\u5bb6\u51fa\u7248\u516c\u53f8\uff0c\u5e03\u5362\u660e\u987f\uff0c\u5370\u7b2c\u5b89\u7eb3\u5dde\uff0c<\/em><em>(<\/em><em>\u00a02018<\/em><em>\uff09<\/em><\/li>\n<\/ul>\n<p><em>\u00a0<\/em><em><u>\u963f\u62c9\u4f2f\u8bed\u56fe\u4e66<\/u><\/em><\/p>\n<ul>\n<li><em><u>\u300a\u6211\u6240\u6ca1\u6709\u7684<\/u><\/em><em><u>\u611f\u89c9\u548c\u60f3\u6cd5\u300b<\/u><\/em><em>\uff08<\/em><a href=\"http:\/\/www.neelwafurat.com\/itempage.aspx?id=lbb309654-299255&amp;search=books\"><em>Feelings and Ideas I Do Not Own<\/em><\/a><em>\uff09<\/em><em>Difaf<\/em><em>\u7248\u672c\uff0c\u8d1d\u9c81\u7279<\/em><em>\u2013 El Ikhti<\/em><em>lef<\/em><em>\u7248\u672c\uff0c\u963f\u5c14\u53ca\u5229\u4e9a<\/em><em>\u2013 Dar Al- Aman, Rabat, Everything Library<\/em><em>,\u00a0<\/em><em>\u6d77\u6cd5\uff0c<\/em>\u00a0<em>\u5df4\u52d2\u65af\u5766\uff08<\/em><em>2018<\/em><em>\uff09<\/em><\/li>\n<li><em><u>\u300a\u8be5\u6b7b\u7684\u5c0f\u8bf4<\/u><\/em><em><u>:<\/u><\/em><em><u>\u5f53\u4e00\u79cd\u7279\u6743\u4f53\u88c1\u6218\u80dc\u6240\u6709\u5f62\u5f0f\u7684\u521b\u9020\u6027\u5199\u4f5c\u65f6\u300b<\/u><\/em><em>\uff08<\/em><a href=\"http:\/\/www.asp.com.lb\/books\/bookpage.aspx?id=293095-279904\"><em>Damn the Novel: When a Privileged Genre Prevails Over All Forms of Creative Writing<\/em><\/a><em>\uff09\uff0c\u963f\u62c9\u4f2f\u79d1\u5b66\u51fa\u7248\u793e\uff0c\u8d1d\u9c81\u7279<\/em><em>\uff08<\/em><em>2017<\/em><em>\uff09<\/em><\/li>\n<li><em><u>\u300a<\/u><\/em><em><u>\u54e6\uff0c<\/u><\/em><em><u>\u8001\u4eba<\/u><\/em><em><u>\uff1a<\/u><\/em><em><u>\u5173\u4e8e\u8870\u8001\u300b<\/u><\/em><em>\uff08<\/em><a href=\"http:\/\/www.neelwafurat.com\/itempage.aspx?id=lbb261251-244507&amp;search=books\"><em>O Old Man: About Aging<\/em><\/a><em>\uff09\uff0c<\/em><em>Difaf<\/em><em>\u7248\uff0c\u8d1d\u9c81\u7279\uff0c<\/em><em>\u00a0El Ikhtilef<\/em><em>\u7248\uff0c\u963f\u5c14\u53ca\u5229\u4e9a<\/em><em>\u2013<\/em><em>\u00a0Dar Oma<\/em><em>\uff0c<\/em><em>\u5df4\u683c\u8fbe\uff08<\/em><em>2016<\/em><em>\uff09<\/em><\/li>\n<li><em><u>\u300a\u968f\u548c\u5b66\u751f\u7684\u56de\u5fc6\u300b<\/u><\/em><em>\uff08<\/em><a href=\"https:\/\/lhhal.gbv.de\/DB=1\/SET=2\/TTL=1\/MAT=\/NOMAT=T\/CLK?IKT=1016&amp;TRM=darasu%CC%84\"><em>Memories of Easygoing Students<\/em><\/a><em>\uff09\uff0c<\/em><em>Dar Al Mosawarat<\/em><em>\uff0c\u5580\u571f\u7a46<\/em><em>\uff08<\/em><em>2016<\/em><em>\uff09<\/em><\/li>\n<li><em><u>\u300a<\/u><\/em><em><u>Tayeb Salih\u00a0<\/u><\/em><em><u>\u548c<\/u><\/em><em><u>\u00a0Hassan Al Turabi\u00a0<\/u><\/em><em><u>\u4e4b\u95f4\u7684\u82cf\u4e39<\/u><\/em><em><u>\u4eba\u6027\u683c\u300b<\/u><\/em><em>\uff08<\/em><a href=\"https:\/\/searchworks.stanford.edu\/view\/12195270\"><em>The Sudanese Character Between Tayeb Salih and Hassan\u00a0 Al -Turabi<\/em><\/a><em>,<\/em><em>\uff09<\/em><em>\uff0c<\/em><em>\u00a0Dar Al Mosawarat<\/em><em>\uff0c<\/em><em>\u5580\u571f\u7a46<\/em><em>\uff08<\/em><em>2016<\/em><em>\uff09<\/em><\/li>\n<li><em><u>\u300a\u963f\u62c9\u4f2f\u57fa\u56e0<\/u><\/em><em><u>\uff1a<\/u><\/em><em><u>\u963f\u62c9\u4f2f\u6027\u683c\u7684\u672a\u63ed\u793a\u9636\u6bb5\u300b<\/u><\/em><em>\uff08<\/em><a href=\"http:\/\/web.archive.org\/web\/20161221234133\/https:\/pulsearch.princeton.edu\/catalog\/9930498\"><em>Arab Genes: The Unrevealed Phases of the Arab Character<\/em><\/a><em>\uff09\uff0c<\/em><em>Difaf<\/em><em>\u7248\uff0c\u8d1d\u9c81\u7279<\/em><em>\u00a0\u2013\u00a0<\/em><em>El Ikhtilef<\/em><em>\u7248\uff0c\u963f\u5c14\u53ca\u5229\u4e9a<\/em><em>\uff08<\/em><em>2015<\/em><em>\uff09<\/em><\/li>\n<li><em><u>\u300a\u5173\u4e8e\u82cf\u4e39<\/u><\/em><em><u>\u4eba\u6027\u683c<\/u><\/em><em><u>\u7684\u8fb9<\/u><\/em><em><u>\u9645<\/u><\/em><em><u>\u300b<\/u><\/em><em>\uff08<\/em><a href=\"http:\/\/catalog.lib.utexas.edu\/record=b9110222\"><em>On the Margins of the Sudanese Character<\/em><\/a><em>\uff09<\/em><em>\uff0c<\/em><em>\u00a0Dar Al Mahrousa<\/em><em>\uff0c<\/em>\u00a0<em>\u5f00\u7f57<\/em>\u00a0<em>\uff08<\/em><em>2015<\/em><em>\uff09<\/em><\/li>\n<li><em><u>\u300a\u6211\u7684\u4e00\u4e9b<\/u><\/em><em><u>\u7528\u8bcd\u9519\u8bef<\/u><\/em><em><u>\u300b<\/u><\/em><em>\uff08<\/em><a href=\"https:\/\/www.arabicbookshop.net\/main\/details.asp?id=248-61\"><em>Some of My Improprieties<\/em><\/a><em>,<\/em><em>\uff09\uff0c<\/em><em>Dar Al-Yasmeen,<\/em><em>\u6c99\u8fe6\uff08<\/em><em>2015<\/em><em>\uff09<\/em><\/li>\n<li><em><u>\u300a\u5168\u7403\u5316<\/u><\/em><em><u>\u4e0b<\/u><\/em><em><u>\u7684\u5367\u5ba4\u300b<\/u><\/em><em>\uff08<\/em><a href=\"https:\/\/www.amazon.in\/%E2%80%AB%D8%BA%D8%B1%D9%81%D8%A9-%D9%86%D9%88%D9%85%D9%83-%D9%81%D9%8A-%D8%A7%D9%84%D8%B9%D9%88%D9%84%D9%85%D8%A9-Arabic-ebook\/dp\/B076FBLBVP\"><em>Your Bedroom in Globalization<\/em><\/a><em>\uff09\uff0c<\/em><em>Difaf<\/em><em>\u7248<\/em><em>\uff0c\u8d1d\u9c81\u7279<\/em><em>\u2013 Dar Al- Aman<\/em><em>\uff0c<\/em><em>\u62c9\u5df4\u7279\uff08<\/em><em>2014<\/em><em>\uff09<\/em><\/li>\n<li><em><u>\u300a\u4e00\u4e2a\u8d2b\u7a77\u7684\u5916\u56fd\u4eba\u7684\u6545\u4e8b\u300b<\/u><\/em><em>\uff08<\/em><a href=\"https:\/\/www.amazon.com\/%E2%80%AB%D8%AD%D9%83%D8%A7%D9%8A%D8%A7%D8%AA-%D8%A7%D9%84%D9%88%D8%B3%D8%A7%D8%B7%D8%A9-%D8%A7%D9%84%D8%AE%D9%84%D9%8A%D8%AC-%D9%88%D8%AE%D8%B5%D9%88%D9%85%D9%87-Arabic-ebook\/dp\/B076FBJFQH\/ref=sr_1_1?s=digital-text&amp;ie=UTF8&amp;qid=1546232729&amp;sr=1-1\"><em>Tales of a Poor Expatriate<\/em><\/a><em>\uff09\uff0c<\/em><em>Difaf<\/em><em>\u7248\uff0c\u8d1d\u9c81\u7279<\/em><em>\u2013 Dar<\/em><em>\u00a0Al- Aman,\u00a0<\/em><em>\u62c9\u5df4\u7279\uff08<\/em><em>2014<\/em><em>\uff09<\/em><\/li>\n<li><em><u>\u300a\u9769\u547d<\/u><\/em><em><u>\u4e0d<\/u><\/em><em><u>\u5f3a\u8feb\u300b<\/u><\/em><em>\uff08<\/em><a href=\"https:\/\/jarirreader.com\/book\/2915\/%D9%84%D8%A7%D8%A5%D9%83%D8%B1%D8%A7%D9%87-%D9%81%D9%8A-%D8%A7%D9%84%D8%AB%D9%88%D8%B1%D8%A9-\"><em>No Compulsion in Revolution<\/em><\/a><em>\uff09\uff0c<\/em><em>Difaf<\/em><em>\u7248<\/em><em>\uff0c\u8d1d\u9c81\u7279<\/em><em>\u2013 Dar Al- Aman,\u00a0<\/em><em>\u62c9\u5df4\u7279<\/em><em>\u00a0\u2013 El Ikhtilef<\/em><em>\u7248<\/em><em>\uff0c\u963f\u5c14\u53ca\u5229\u4e9a<\/em><em>\uff08<\/em><em>2013<\/em><em>\uff09<\/em><\/li>\n<li><em><u>\u300a\u4f5c\u5bb6\u8981\u8c26\u900a\u300b<\/u><\/em><em>\uff08<\/em><a href=\"https:\/\/www.amazon.com\/%E2%80%AB%D8%AA%D9%88%D8%A7%D8%B6%D8%B9%D9%88%D8%A7-%D9%85%D8%B9%D8%B4%D8%B1-%D8%A7%D9%84%D9%83%D8%AA%D8%A7%D8%A8%E2%80%AC-Arabic-%D8%B9%D9%85%D8%B1%D9%88-ebook\/dp\/B076F9N3TT\"><em>O Writers Be Humble<\/em><\/a><em>\uff09\uff0c<\/em><em>Difaf<\/em><em>\u7248\uff0c\u8d1d\u9c81\u7279<\/em><em>\uff08<\/em><em>2013<\/em><em>\uff09<\/em><\/li>\n<li><em>\u300a<u>\u667a\u6167\u9ad8\u901f\u516c\u8def\u300b<\/u>\uff08<\/em><a href=\"http:\/\/www.neelwafurat.com\/itempage.aspx?id=egb180518-5193228&amp;search=books\"><em>Wisdom Highway<\/em><\/a><em>\uff09<\/em><em>Dar Al Mahrousa<\/em><em>\uff0c<\/em><em>\u5f00\u7f57<\/em>\u00a0<em>\uff08<\/em><em>2011<\/em><em>\uff09<\/em><\/li>\n<\/ul>\n<ul>\n<li><u>\u300a<\/u><em><u>\u4ece\u4e00\u4e2a\u975e\u4e13\u4e1a\u542c\u4f17\u5230\u7a46\u7f55\u9ed8\u5fb7<\/u><\/em><em><u>\u00b7<\/u><\/em><em><u>\u74e6\u8fea\u300b<\/u><\/em><em>\uff08<\/em><a href=\"http:\/\/www.neelwafurat.com\/itempage.aspx?id=egb180519-5193229&amp;search=books\"><em>From a Non-Professional Listener to Mohamed Wardi<\/em><\/a><em>\uff09\uff0c<\/em><em>Dar Al Mahrousa<\/em><em>\uff0c\u5f00\u7f57<\/em><em>\uff08<\/em><em>2011<\/em><em>\uff09<\/em><\/li>\n<li>\u00a0<u>\u300a<\/u><em><u>\u82cf\u4e39\u7cbe\u82f1\u773c\u4e2d\u7684\u82cf\u4e39\u4eba\u6027\u683c\u300b\uff08<\/u><\/em><a href=\"https:\/\/books.google.ae\/books\/about\/%D8%A7%D9%84%D8%B4%D8%AE%D8%B5%D9%8A%D8%A9_%D8%A7%D9%84%D8%B3%D9%88%D8%AF%D8%A7%D9%86%D9%8A%D8%A9_%D9%81%D9%8A.html?id=u4V5nQAACAAJ&amp;redir_esc=y\"><em>The Sudanese Character in the Eyes of the Sudanese Elit<\/em><\/a><em><u>\uff09<\/u><\/em><em>\uff0c<\/em><em>Dar Azza<\/em><em>\uff0c\u5580\u571f\u7a46<\/em><em>\uff08<\/em><em>2010<\/em><em>\uff09<\/em><\/li>\n<li><em><u>\u300a\u82cf\u4e39\u57fa\u56e0\u300b<\/u><\/em><em>\uff08<\/em><a href=\"https:\/\/ar-ar.facebook.com\/pages\/%D8%AC%D9%8A%D9%86%D8%A7%D8%AA-%D8%B3%D9%88%D8%AF%D8%A7%D9%86%D9%8A%D9%87%D8%B9%D9%85%D8%B1%D9%88-%D9%85%D9%86%D9%8A%D8%B1-%D8%AF%D9%87%D8%A8\/361897327172185\"><em>Sudanese Genes<\/em><\/a><em>\uff09\uff0c<\/em><em>Dar Azza<\/em><em>\uff0c\u5580\u571f\u7a46<\/em><em>(2010)<\/em><\/li>\n<li><em><u>\u300a\u666e\u901a\u4f5c\u5bb6\u4e0e\u5965\u8428\u9a6c\u00b7\u5b89\u74e6\u5c14\u00b7\u5965\u5361\u6c99\u4e4b\u95f4\u300b<\/u>\uff08<\/em><a href=\"https:\/\/trove.nla.gov.au\/work\/35149004?q&amp;versionId=43653753\"><em>Between the<\/em>\u00a0<em>Average<\/em>\u00a0<em>Writer and Osama Anwar<\/em>\u00a0<em>Okasha<\/em><\/a><em>\uff09\uff0c\u5580\u571f\u7a46\uff0c\u963f\u62c9\u4f2f\u6587\u5316\u4e4b\u90fd\uff082006\uff09<\/em><\/li>\n<\/ul>\n<p>[\/vc_column_text][\/vc_column][\/vc_row][vc_row full_width=&#8221;stretch_row&#8221; parallax=&#8221;content-moving&#8221; parallax_image=&#8221;492&#8243;][vc_column][vc_row_inner][vc_column_inner][vc_column_text]<\/p>\n<h3 style=\"text-align: center;\"><span style=\"color: #ffffff;\">\u0627\u0644\u0639\u0631\u0628\u064a\u0629<br \/>\n<\/span><\/h3>\n<h2 style=\"text-align: right;\"><span style=\"color: #ffffff;\">\u0639\u0645\u0631\u0648 \u0645\u0646\u064a\u0631 \u062f\u0647\u0628<br \/>\n<\/span><\/h2>\n<h3 style=\"text-align: right;\"><span style=\"color: #ffffff;\"><strong>\u0627\u0644\u0645\u064a\u0644\u0627\u062f *<br \/>\n<\/strong><\/span><\/h3>\n<p style=\"font-size: 18px; color: white; text-align: right;\">\u0627\u0644\u062e\u0631\u0637\u0648\u0645 \u2013 \u0627\u0644\u0633\u0648\u062f\u0627\u0646 *<\/p>\n<p>[\/vc_column_text][\/vc_column_inner][\/vc_row_inner][vc_btn title=&#8221;More&#8221; style=&#8221;custom&#8221; custom_background=&#8221;#6b5540&#8243; custom_text=&#8221;#ffffff&#8221; size=&#8221;sm&#8221; align=&#8221;right&#8221; link=&#8221;url:http%3A%2F%2Fnasdahab.com%2Findex.php%2Farabic%2F|title:Books||&#8221;][vc_separator][vc_column_text]<\/p>\n<h3 style=\"text-align: center;\"><span style=\"color: #ffffff;\">Francais<br \/>\n<\/span><\/h3>\n<h2 style=\"text-align: left;\"><span style=\"color: #ffffff;\">\u00c0 PROPOS D\u2019AMR<br \/>\n<\/span><\/h2>\n<p style=\"text-align: left; color: #ffffff;\">Amr Muneer Dahab est un ecrivain et po\u00e8te soudanais, principalement connu pour ses essais critiques sur des questions culturelles, litt\u00e9raires, intellectuelles et politiques controvers\u00e9es dans le monde arabe et dans le monde.<\/p>\n<p>[\/vc_column_text][vc_btn title=&#8221;More&#8221; style=&#8221;custom&#8221; custom_background=&#8221;#6b5540&#8243; custom_text=&#8221;#ffffff&#8221; size=&#8221;sm&#8221; align=&#8221;right&#8221; link=&#8221;url:http%3A%2F%2Fnasdahab.com%2Findex.php%2Ffrancais%2F|title:Books||&#8221;][vc_separator][vc_column_text]<\/p>\n<h3 style=\"text-align: center;\"><span style=\"color: #ffffff;\">Espa\u00f1ol<br \/>\n<\/span><\/h3>\n<h2 style=\"text-align: left;\"><span style=\"color: #ffffff;\">SOBRE AMR<br \/>\n<\/span><\/h2>\n<p style=\"text-align: left; color: #ffffff;\">Amr Muneer Dahab es un ensayista y poeta sudan\u00e9s, ampliamente conocido por sus ensayos cr\u00edticos, en los que trata temas controvertidos de car\u00e1cter cultural, literario, intelectual y pol\u00edtico, relacionados tanto con el mundo \u00e1rabe, como internacional<\/p>\n<p>[\/vc_column_text][vc_btn title=&#8221;More&#8221; style=&#8221;custom&#8221; custom_background=&#8221;#6b5540&#8243; custom_text=&#8221;#ffffff&#8221; size=&#8221;sm&#8221; align=&#8221;right&#8221; link=&#8221;url:http%3A%2F%2Fnasdahab.com%2Findex.php%2Fespanol%2F|title:Books||&#8221;][vc_separator][vc_column_text]<\/p>\n<h3 style=\"text-align: center;\"><span style=\"color: #ffffff;\">Deutsch<br \/>\n<\/span><\/h3>\n<h2 style=\"text-align: left;\"><span style=\"color: #ffffff;\">\u00dcBER AMR<br \/>\n<\/span><\/h2>\n<p style=\"text-align: left; color: #ffffff;\">Amr Muneer Dahab ist ein sudanesischer Essayist und Dichter, bekannt f\u00fcr seine kritischen Essays \u00fcber kontroverse kulturelle, literarische, intellektuelle und politische Themen in der arabischen Welt und weltweit.<\/p>\n<p>[\/vc_column_text][vc_btn title=&#8221;More&#8221; style=&#8221;custom&#8221; custom_background=&#8221;#6b5540&#8243; custom_text=&#8221;#ffffff&#8221; size=&#8221;sm&#8221; align=&#8221;right&#8221; link=&#8221;url:http%3A%2F%2Fnasdahab.com%2Findex.php%2Fdeutsch%2F|title:Books||&#8221;][vc_separator][vc_column_text]<\/p>\n<h3 style=\"text-align: center;\"><span style=\"color: #ffffff;\">Italiano<br \/>\n<\/span><\/h3>\n<h2 style=\"text-align: left;\"><span style=\"color: #ffffff;\">SU AMR<br \/>\n<\/span><\/h2>\n<p style=\"text-align: left; color: #ffffff;\">AAmr Muneer Dahab \u00e8 un saggista e poeta sudanese, noto soprattutto per i suoi saggi critici che affrontano controversie questioni culturali, letterarie, intellettuali e politiche nel mondo arabo e in tutto il mondo.<\/p>\n<p>[\/vc_column_text][vc_btn title=&#8221;More&#8221; style=&#8221;custom&#8221; custom_background=&#8221;#6b5540&#8243; custom_text=&#8221;#ffffff&#8221; size=&#8221;sm&#8221; align=&#8221;right&#8221; link=&#8221;url:http%3A%2F%2Fnasdahab.com%2Findex.php%2Fitaliano%2F|title:Books||&#8221;][\/vc_column][\/vc_row]<\/p>\n","protected":false},"excerpt":{"rendered":"<p>[vc_row full_width=&#8221;stretch_row&#8221; parallax=&#8221;content-moving&#8221; parallax_image=&#8221;668&#8243;][vc_column][vc_column_text el_class=&#8221;div-css&#8221;] AMR \u7b80\u4ecb Amr Muneer Dahab\u00a0\uff0c\u82cf\u4e39\u6563\u6587\u5bb6\u548c\u8bd7\u4eba\uff0c \u4ee5\u5176\u8bc4\u8bba\u6587\u7ae0\u800c\u8457\u79f0\uff0c\u6587\u7ae0\u5185\u5bb9\u6d89\u53ca\u963f\u62c9\u4f2f\u4e16\u754c\u548c\u5168\u4e16\u754c\u6709\u4e89\u8bae\u7684\u6587\u5316\u3001\u6587\u5b66\u3001\u77e5\u8bc6\u548c\u653f\u6cbb\u7b49\u95ee\u9898\u3002\u4ed6\u5728\u65b0\u95fb\u8bc4\u8bba\u9886\u57df\u62e5\u670920\u591a\u5e74\u7684\u4e13\u680f\u4f5c\u5bb6\u7ecf\u9a8c\uff0c\u52a0\u4e0a\u5176\u5de5\u7a0b\u5b66\u5b66\u4f4d\u548c\u76f8\u5173\u7684\u5b9e\u9645\u5de5\u4f5c\u7ecf\u5386\uff0c \u4f7f\u5176\u6587\u5b57\u80fd\u591f\u4ee5\u8bda\u5b9e\u3001\u5ba2\u89c2\u548c\u521b\u9020\u6027\u7684\u65b9\u5f0f\u5de7\u5999\u5730\u63cf\u7ed8\u73b0\u5b9e\u60c5\u51b5\u3002 &nbsp; \u4e2a\u4eba\u4fe1\u606f \u751f\u4e8e\u82cf\u4e39\u5580\u571f\u7a46 \u5c0f\u5b66\u548c\u4e2d\u5b66\u5728\u82cf\u4e39\u63a5\u53d7\u6559\u80b2 \u968f\u5bb6\u4eba\u79fb\u5c45\u79d1\u5a01\u7279\u5e76\u5728\u5f53\u5730\u5b8c\u6210\u9ad8\u4e2d\u5b66\u4e1a \u5c31\u8bfb\u4e8e\u57c3\u53ca\u66fc\u82cf\u62c9\u5927\u5b66\u5de5\u7a0b\u5b66\u9662\/\u7535\u6c14\u5de5\u7a0b\u7cfb \u66fe\u5230\u8fc7\u8bb8\u591a\u56fd\u5bb6\uff0c\u6700\u540e\u5b9a\u5c45\u4e8e\u963f\u62c9\u4f2f\u8054\u5408\u914b\u957f\u56fd\uff0c\u4ece\u4e8b\u7535\u6c14\u5de5\u7a0b\u9886\u57df\u5de5\u4f5c\u5e76\u4e3a\u591a\u5bb6\u82cf\u4e39\u62a5\u7eb8\u8f6c\u544a &nbsp; \u5199\u4f5c\u7ecf\u5386 \u9ad8\u4e2d\u9636\u6bb5\u5373\u5f00\u59cb\u5199\u8bd7 \u5728\u6574\u4e2a\u5927\u5b66\u9636\u6bb5\u4fdd\u6301\u5e76\u53d1\u5c55\u4e86\u81ea\u5df1\u7684\u8bd7\u6b4c\u521b\u4f5c\u7ecf\u9a8c\u3002 \u5927\u5b66\u671f\u95f4\u591a\u6b21\u83b7\u5f97\u8bd7\u6b4c\u521b\u4f5c\u5956\u52b1\uff0c\u5305\u62ec1989\u5e74\u57c3\u53ca\u5927\u5b66\u7b2c14\u5c4a\u9752\u5e74\u6587\u5316\u827a\u672f\u4f1a\u8bae\u8bd7\u6b4c\u4e00\u7b49\u5956 \u5927\u5b66\u6bd5\u4e1a\u540e\uff0c\u9009\u62e9\u4ece\u4e8b\u6587\u5b66\u548c\u65b0\u95fb\u9886\u57df\u7684\u8bc4\u8bba\u5199\u4f5c\u5de5\u4f5c \u4ece20\u4e16\u7eaa90\u5e74\u4ee3\u4e2d\u671f\u5f00\u59cb\uff0c\u4e3a\u8bb8\u591a\u82cf\u4e39\u62a5\u7eb8\u64b0\u5199\u8bc4\u8bba\u6587\u7ae0<span class=\"excerpt-hellip\"> [\u2026]<\/span><\/p>\n","protected":false},"author":2,"featured_media":0,"parent":0,"menu_order":0,"comment_status":"closed","ping_status":"closed","template":"","meta":{"footnotes":""},"_links":{"self":[{"href":"https:\/\/nasdahab.com\/index.php\/wp-json\/wp\/v2\/pages\/615"}],"collection":[{"href":"https:\/\/nasdahab.com\/index.php\/wp-json\/wp\/v2\/pages"}],"about":[{"href":"https:\/\/nasdahab.com\/index.php\/wp-json\/wp\/v2\/types\/page"}],"author":[{"embeddable":true,"href":"https:\/\/nasdahab.com\/index.php\/wp-json\/wp\/v2\/users\/2"}],"replies":[{"embeddable":true,"href":"https:\/\/nasdahab.com\/index.php\/wp-json\/wp\/v2\/comments?post=615"}],"version-history":[{"count":0,"href":"https:\/\/nasdahab.com\/index.php\/wp-json\/wp\/v2\/pages\/615\/revisions"}],"wp:attachment":[{"href":"https:\/\/nasdahab.com\/index.php\/wp-json\/wp\/v2\/media?parent=615"}],"curies":[{"name":"wp","href":"https:\/\/api.w.org\/{rel}","templated":true}]}}